{"id":645,"date":"2021-03-10T15:56:19","date_gmt":"2021-03-10T15:56:19","guid":{"rendered":"http:\/\/shadak.it\/itineraires\/"},"modified":"2021-03-17T16:54:54","modified_gmt":"2021-03-17T16:54:54","slug":"itineraires","status":"publish","type":"page","link":"https:\/\/shadak.it\/fr\/itineraires\/","title":{"rendered":"itin\u00e9raires"},"content":{"rendered":"<section class=\"l-section wpb_row height_medium with_img\"><div class=\"l-section-img\" style=\"background-image: url(https:\/\/shadak.it\/wp-content\/uploads\/2021\/01\/shadak-itinerari-porto-cesareo.jpg);background-repeat: no-repeat;\" data-img-width=\"1800\" data-img-height=\"1200\"><\/div><div class=\"l-section-h i-cf\"><div class=\"g-cols vc_row type_default valign_top\"><div class=\"vc_col-sm-12 wpb_column vc_column_container\"><div class=\"vc_column-inner\"><div class=\"wpb_wrapper\"><div class=\"ult-spacer spacer-69dd254a58416\" data-id=\"69dd254a58416\" data-height=\"300\" data-height-mobile=\"300\" data-height-tab=\"300\" data-height-tab-portrait=\"\" data-height-mobile-landscape=\"\" style=\"clear:both;display:block;\"><\/div><\/div><\/div><\/div><\/div><\/div><\/section><section class=\"l-section wpb_row height_small\"><div class=\"l-section-h i-cf\"><div class=\"g-cols vc_row type_default valign_top\"><div class=\"vc_col-sm-12 wpb_column vc_column_container\"><div class=\"vc_column-inner\"><div class=\"wpb_wrapper\"><div class=\"wpb_text_column us_custom_1a312e0a has_text_color\" ><div class=\"wpb_wrapper\"><h1 style=\"text-align: center;\"><strong>Decouvrez le Salento<br \/>\n<\/strong><\/h1>\n<h3 style=\"text-align: center;\">Que visiter<\/h3>\n<\/div><\/div><div class=\"w-separator size_small\"><\/div><div class=\"wpb_text_column\" ><div class=\"wpb_wrapper\"><p style = \"text-align: center;\"> Le Village Camping Park est situ\u00e9 dans une position splendide, entre le vert du parc et la mer cristalline du Salento et est le point de d\u00e9part id\u00e9al pour d\u00e9couvrir les principales villes de <strong> Salento. <\/strong> D\u00e9couvrez quels sont les plus beaux endroits \u00e0 visiter dans les Pouilles.<\/p>\n<\/div><\/div><div class=\"w-separator size_medium\"><\/div><div class=\"w-grid type_grid layout_blog_10 cols_2 overflow_hidden\" id=\"us_grid_1\" data-filterable=\"true\"><style id=\"us_grid_1_css\">#us_grid_1 .w-grid-item{padding:1.5rem}#us_grid_1 .w-grid-list{margin:-1.5rem}.w-grid + #us_grid_1 .w-grid-list{margin-top:1.5rem}@media (max-width:599px){#us_grid_1 .w-grid-list{margin:0}#us_grid_1 .w-grid-item{width:100%;padding:0;margin-bottom:1.5rem}}<\/style><style>.layout_blog_10 .w-grid-item-h{background:#333;border-radius:0.3rem;z-index:3;box-shadow:0 0.03rem 0.06rem rgba(0,0,0,0.1),0 0.10rem 0.30rem rgba(0,0,0,0.1);transition-duration:0.3s}.no-touch .layout_blog_10 .w-grid-item-h:hover{box-shadow:0 0.12rem 0.24rem rgba(0,0,0,0.1),0 0.40rem 1.20rem rgba(0,0,0,0.15);z-index:4}.layout_blog_10 .usg_vwrapper_1{position:absolute!important;right:0!important;bottom:0!important;left:0!important;background:linear-gradient(transparent,rgba(30,30,30,0.8))!important;padding:15% 7% 7% 7%!important}.layout_blog_10 .usg_post_taxonomy_1{font-size:10px!important;font-weight:700!important;text-transform:uppercase!important;margin-bottom:0.5rem!important}.layout_blog_10 .usg_post_title_1{color:#fff!important;font-size:1.4rem!important;font-weight:700!important}@media (max-width:599px){.layout_blog_10 .usg_post_title_1{font-size:1.2rem!important}}<\/style><div class=\"w-grid-list\" ><article class=\"w-grid-item size_1x1 post-738 post type-post status-publish format-standard has-post-thumbnail hentry category-itineraires\" data-id=\"738\">\r\n\t<div class=\"w-grid-item-h\">\r\n\t\t\t\t\t<a class=\"w-grid-item-anchor\" href=\"https:\/\/shadak.it\/fr\/gallipoli\/\" rel=\"bookmark\" aria-label=\"Gallipoli\"><\/a>\r\n\t\t\t\t<div class=\"w-post-elm post_image usg_post_image_1 stretched\"><a href=\"https:\/\/shadak.it\/fr\/gallipoli\/\" aria-label=\"Gallipoli\"><img width=\"1800\" height=\"1200\" src=\"https:\/\/shadak.it\/wp-content\/uploads\/2021\/01\/shadak-itinerari-gallipoli.jpg\" class=\"attachment-us_600_600_crop size-us_600_600_crop wp-post-image\" alt=\"\" loading=\"lazy\" srcset=\"https:\/\/shadak.it\/wp-content\/uploads\/2021\/01\/shadak-itinerari-gallipoli.jpg 300w, https:\/\/shadak.it\/wp-content\/uploads\/2021\/01\/shadak-itinerari-gallipoli.jpg 1024w, https:\/\/shadak.it\/wp-content\/uploads\/2021\/01\/shadak-itinerari-gallipoli.jpg 1800w\" sizes=\"(max-width: 1800px) 100vw, 1800px\" \/><\/a><\/div><div class=\"w-vwrapper usg_vwrapper_1 align_left valign_top\"><div class=\"w-post-elm post_taxonomy usg_post_taxonomy_1 style_badge color_link_inherit\"><a class=\"w-btn us-btn-style_badge\" href=\"https:\/\/shadak.it\/fr\/category\/itineraires\/\"><span class=\"w-btn-label\">itin\u00e9raires<\/span><\/a><\/div><h2 class=\"w-post-elm post_title usg_post_title_1 entry-title color_link_inherit has_text_color\"><a href=\"https:\/\/shadak.it\/fr\/gallipoli\/\">Gallipoli<\/a><\/h2><\/div>\t<\/div>\r\n<\/article>\r\n<article class=\"w-grid-item size_1x1 post-741 post type-post status-publish format-standard has-post-thumbnail hentry category-itineraires\" data-id=\"741\">\r\n\t<div class=\"w-grid-item-h\">\r\n\t\t\t\t\t<a class=\"w-grid-item-anchor\" href=\"https:\/\/shadak.it\/fr\/lecce\/\" rel=\"bookmark\" aria-label=\"Lecce\"><\/a>\r\n\t\t\t\t<div class=\"w-post-elm post_image usg_post_image_1 stretched\"><a href=\"https:\/\/shadak.it\/fr\/lecce\/\" aria-label=\"Lecce\"><img width=\"1600\" height=\"1067\" src=\"https:\/\/shadak.it\/wp-content\/uploads\/2021\/01\/shadak-itinerari-lecce.jpg\" class=\"attachment-us_600_600_crop size-us_600_600_crop wp-post-image\" alt=\"\" loading=\"lazy\" srcset=\"https:\/\/shadak.it\/wp-content\/uploads\/2021\/01\/shadak-itinerari-lecce.jpg 300w, https:\/\/shadak.it\/wp-content\/uploads\/2021\/01\/shadak-itinerari-lecce.jpg 1024w, https:\/\/shadak.it\/wp-content\/uploads\/2021\/01\/shadak-itinerari-lecce.jpg 1600w\" sizes=\"(max-width: 1600px) 100vw, 1600px\" \/><\/a><\/div><div class=\"w-vwrapper usg_vwrapper_1 align_left valign_top\"><div class=\"w-post-elm post_taxonomy usg_post_taxonomy_1 style_badge color_link_inherit\"><a class=\"w-btn us-btn-style_badge\" href=\"https:\/\/shadak.it\/fr\/category\/itineraires\/\"><span class=\"w-btn-label\">itin\u00e9raires<\/span><\/a><\/div><h2 class=\"w-post-elm post_title usg_post_title_1 entry-title color_link_inherit has_text_color\"><a href=\"https:\/\/shadak.it\/fr\/lecce\/\">Lecce<\/a><\/h2><\/div>\t<\/div>\r\n<\/article>\r\n<article class=\"w-grid-item size_1x1 post-744 post type-post status-publish format-standard has-post-thumbnail hentry category-itineraires\" data-id=\"744\">\r\n\t<div class=\"w-grid-item-h\">\r\n\t\t\t\t\t<a class=\"w-grid-item-anchor\" href=\"https:\/\/shadak.it\/fr\/otranto\/\" rel=\"bookmark\" aria-label=\"Otranto\"><\/a>\r\n\t\t\t\t<div class=\"w-post-elm post_image usg_post_image_1 stretched\"><a href=\"https:\/\/shadak.it\/fr\/otranto\/\" aria-label=\"Otranto\"><img width=\"1800\" height=\"1200\" src=\"https:\/\/shadak.it\/wp-content\/uploads\/2021\/01\/shadak-itinerari-otranto-01.jpg\" class=\"attachment-us_600_600_crop size-us_600_600_crop wp-post-image\" alt=\"\" loading=\"lazy\" srcset=\"https:\/\/shadak.it\/wp-content\/uploads\/2021\/01\/shadak-itinerari-otranto-01.jpg 300w, https:\/\/shadak.it\/wp-content\/uploads\/2021\/01\/shadak-itinerari-otranto-01.jpg 1024w, https:\/\/shadak.it\/wp-content\/uploads\/2021\/01\/shadak-itinerari-otranto-01.jpg 1800w\" sizes=\"(max-width: 1800px) 100vw, 1800px\" \/><\/a><\/div><div class=\"w-vwrapper usg_vwrapper_1 align_left valign_top\"><div class=\"w-post-elm post_taxonomy usg_post_taxonomy_1 style_badge color_link_inherit\"><a class=\"w-btn us-btn-style_badge\" href=\"https:\/\/shadak.it\/fr\/category\/itineraires\/\"><span class=\"w-btn-label\">itin\u00e9raires<\/span><\/a><\/div><h2 class=\"w-post-elm post_title usg_post_title_1 entry-title color_link_inherit has_text_color\"><a href=\"https:\/\/shadak.it\/fr\/otranto\/\">Otranto<\/a><\/h2><\/div>\t<\/div>\r\n<\/article>\r\n<article class=\"w-grid-item size_1x1 post-747 post type-post status-publish format-standard has-post-thumbnail hentry category-itineraires\" data-id=\"747\">\r\n\t<div class=\"w-grid-item-h\">\r\n\t\t\t\t\t<a class=\"w-grid-item-anchor\" href=\"https:\/\/shadak.it\/fr\/porto-cesareo\/\" rel=\"bookmark\" aria-label=\"Porto Cesareo\"><\/a>\r\n\t\t\t\t<div class=\"w-post-elm post_image usg_post_image_1 stretched\"><a href=\"https:\/\/shadak.it\/fr\/porto-cesareo\/\" aria-label=\"Porto Cesareo\"><img width=\"1800\" height=\"1200\" src=\"https:\/\/shadak.it\/wp-content\/uploads\/2021\/01\/shadak-itinerari-porto-cesareo.jpg\" class=\"attachment-us_600_600_crop size-us_600_600_crop wp-post-image\" alt=\"\" loading=\"lazy\" srcset=\"https:\/\/shadak.it\/wp-content\/uploads\/2021\/01\/shadak-itinerari-porto-cesareo.jpg 300w, https:\/\/shadak.it\/wp-content\/uploads\/2021\/01\/shadak-itinerari-porto-cesareo.jpg 1024w, https:\/\/shadak.it\/wp-content\/uploads\/2021\/01\/shadak-itinerari-porto-cesareo.jpg 1800w\" sizes=\"(max-width: 1800px) 100vw, 1800px\" \/><\/a><\/div><div class=\"w-vwrapper usg_vwrapper_1 align_left valign_top\"><div class=\"w-post-elm post_taxonomy usg_post_taxonomy_1 style_badge color_link_inherit\"><a class=\"w-btn us-btn-style_badge\" href=\"https:\/\/shadak.it\/fr\/category\/itineraires\/\"><span class=\"w-btn-label\">itin\u00e9raires<\/span><\/a><\/div><h2 class=\"w-post-elm post_title usg_post_title_1 entry-title color_link_inherit has_text_color\"><a href=\"https:\/\/shadak.it\/fr\/porto-cesareo\/\">Porto Cesareo<\/a><\/h2><\/div>\t<\/div>\r\n<\/article>\r\n<\/div><div class=\"w-grid-preloader\"><div class=\"g-preloader type_1\">\r\n\t<div><\/div>\r\n<\/div>\r\n<\/div>\t<div class=\"w-grid-json hidden\" onclick='return {&quot;action&quot;:&quot;us_ajax_grid&quot;,&quot;ajax_url&quot;:&quot;https:\\\/\\\/shadak.it\\\/wp-admin\\\/admin-ajax.php&quot;,&quot;infinite_scroll&quot;:0,&quot;max_num_pages&quot;:1,&quot;pagination&quot;:&quot;none&quot;,&quot;permalink_url&quot;:&quot;https:\\\/\\\/shadak.it\\\/fr\\\/wp-json\\\/wp\\\/v2\\\/pages\\\/645\\\/&quot;,&quot;template_vars&quot;:{&quot;columns&quot;:&quot;2&quot;,&quot;exclude_items&quot;:&quot;none&quot;,&quot;img_size&quot;:&quot;default&quot;,&quot;ignore_items_size&quot;:false,&quot;items_layout&quot;:&quot;blog_10&quot;,&quot;items_offset&quot;:&quot;1&quot;,&quot;load_animation&quot;:&quot;none&quot;,&quot;overriding_link&quot;:&quot;post&quot;,&quot;post_id&quot;:645,&quot;query_args&quot;:{&quot;post_type&quot;:[&quot;post&quot;],&quot;tax_query&quot;:[{&quot;taxonomy&quot;:&quot;category&quot;,&quot;field&quot;:&quot;slug&quot;,&quot;terms&quot;:[&quot;itin\\u00e9raires&quot;,&quot;itineraires&quot;]}],&quot;post_status&quot;:[&quot;publish&quot;],&quot;posts_per_page&quot;:999},&quot;orderby_query_args&quot;:{&quot;orderby&quot;:{&quot;date&quot;:&quot;ASC&quot;}},&quot;type&quot;:&quot;grid&quot;,&quot;us_grid_ajax_index&quot;:1,&quot;us_grid_filter_params&quot;:null,&quot;us_grid_index&quot;:1,&quot;_us_grid_post_type&quot;:&quot;post&quot;,&quot;lang&quot;:&quot;fr&quot;}}'><\/div>\r\n\t<\/div><\/div><\/div><\/div><\/div><\/div><\/section>\n","protected":false},"excerpt":{"rendered":"Porto Cesareo Lecce &#8211; Puglia Porto Cesareo (prononcez Porto Ces\u00e0reo, Cisaria dans le dialecte local) est une ville italienne de 5 772 habitants dans la province de Lecce dans les Pouilles. Situ\u00e9 sur la c\u00f4te ionienne de la p\u00e9ninsule du Salento, il se trouve \u00e0 26,9 km de la capitale provinciale. C&rsquo;est une importante station...","protected":false},"author":1,"featured_media":0,"parent":0,"menu_order":0,"comment_status":"closed","ping_status":"closed","template":"","meta":[],"yoast_head":"<!-- This site is optimized with the Yoast SEO plugin v15.9.1 - https:\/\/yoast.com\/wordpress\/plugins\/seo\/ -->\n<title>itin\u00e9raires - Excursions dans le Salento, Que voir dans les Pouilles, Que visiter<\/title>\n<meta name=\"description\" content=\"Le Village Camping Park est situ\u00e9 dans une fantastique position, entre le vert parc et la merveilleuse mer du Salento et il est le point de d\u00e9part id\u00e9al pour d\u00e9couvrir les villes principales du Salento. D\u00e9couvrez les lieux les plus beaux dans la Puglia.\" \/>\n<meta name=\"robots\" content=\"index, follow, max-snippet:-1, max-image-preview:large, max-video-preview:-1\" \/>\n<link rel=\"canonical\" href=\"https:\/\/shadak.it\/fr\/itineraires\/\" \/>\n<meta property=\"og:locale\" content=\"fr_FR\" \/>\n<meta property=\"og:type\" content=\"article\" \/>\n<meta property=\"og:title\" content=\"itin\u00e9raires - Excursions dans le Salento, Que voir dans les Pouilles, Que visiter\" \/>\n<meta property=\"og:description\" content=\"Le Village Camping Park est situ\u00e9 dans une fantastique position, entre le vert parc et la merveilleuse mer du Salento et il est le point de d\u00e9part id\u00e9al pour d\u00e9couvrir les villes principales du Salento. D\u00e9couvrez les lieux les plus beaux dans la Puglia.\" \/>\n<meta property=\"og:url\" content=\"https:\/\/shadak.it\/fr\/itineraires\/\" \/>\n<meta property=\"og:site_name\" content=\"Shadak - Village Camping Park\" \/>\n<meta property=\"article:publisher\" content=\"https:\/\/www.facebook.com\/Shadak.Village.Camping.Park\/\" \/>\n<meta property=\"article:modified_time\" content=\"2021-03-17T16:54:54+00:00\" \/>\n<meta name=\"twitter:card\" content=\"summary_large_image\" \/>\n<meta name=\"twitter:label1\" content=\"Dur\u00e9e de lecture est.\">\n\t<meta name=\"twitter:data1\" content=\"1 minute\">\n<script type=\"application\/ld+json\" class=\"yoast-schema-graph\">{\"@context\":\"https:\/\/schema.org\",\"@graph\":[{\"@type\":\"Organization\",\"@id\":\"https:\/\/shadak.it\/#organization\",\"name\":\"Shadak, Village Camping Park\",\"url\":\"https:\/\/shadak.it\/\",\"sameAs\":[\"https:\/\/www.facebook.com\/Shadak.Village.Camping.Park\/\",\"https:\/\/www.instagram.com\/shadakvillage\/\",\"https:\/\/www.youtube.com\/channel\/UC9LG8CniEkh23U-7CiqNtJg\/feed\"],\"logo\":{\"@type\":\"ImageObject\",\"@id\":\"https:\/\/shadak.it\/#logo\",\"inLanguage\":\"fr-FR\",\"url\":\"https:\/\/shadak.it\/wp-content\/uploads\/2020\/11\/Shadak-camping-village-park-porto-cesareo-01.png\",\"width\":579,\"height\":421,\"caption\":\"Shadak, Village Camping Park\"},\"image\":{\"@id\":\"https:\/\/shadak.it\/#logo\"}},{\"@type\":\"WebSite\",\"@id\":\"https:\/\/shadak.it\/#website\",\"url\":\"https:\/\/shadak.it\/\",\"name\":\"Shadak - Village Camping Park\",\"description\":\"Village, Camping, Park, Bed &amp; Breakfast Porto Cesareo, Salento\",\"publisher\":{\"@id\":\"https:\/\/shadak.it\/#organization\"},\"potentialAction\":[{\"@type\":\"SearchAction\",\"target\":\"https:\/\/shadak.it\/?s={search_term_string}\",\"query-input\":\"required name=search_term_string\"}],\"inLanguage\":\"fr-FR\"},{\"@type\":\"WebPage\",\"@id\":\"https:\/\/shadak.it\/fr\/itineraires\/#webpage\",\"url\":\"https:\/\/shadak.it\/fr\/itineraires\/\",\"name\":\"itin\\u00e9raires - Excursions dans le Salento, Que voir dans les Pouilles, Que visiter\",\"isPartOf\":{\"@id\":\"https:\/\/shadak.it\/#website\"},\"datePublished\":\"2021-03-10T15:56:19+00:00\",\"dateModified\":\"2021-03-17T16:54:54+00:00\",\"description\":\"Le Village Camping Park est situ\\u00e9 dans une fantastique position, entre le vert parc et la merveilleuse mer du Salento et il est le point de d\\u00e9part id\\u00e9al pour d\\u00e9couvrir les villes principales du Salento. D\\u00e9couvrez les lieux les plus beaux dans la Puglia.\",\"breadcrumb\":{\"@id\":\"https:\/\/shadak.it\/fr\/itineraires\/#breadcrumb\"},\"inLanguage\":\"fr-FR\",\"potentialAction\":[{\"@type\":\"ReadAction\",\"target\":[\"https:\/\/shadak.it\/fr\/itineraires\/\"]}]},{\"@type\":\"BreadcrumbList\",\"@id\":\"https:\/\/shadak.it\/fr\/itineraires\/#breadcrumb\",\"itemListElement\":[{\"@type\":\"ListItem\",\"position\":1,\"item\":{\"@type\":\"WebPage\",\"@id\":\"https:\/\/shadak.it\/fr\/\",\"url\":\"https:\/\/shadak.it\/fr\/\",\"name\":\"Home\"}},{\"@type\":\"ListItem\",\"position\":2,\"item\":{\"@type\":\"WebPage\",\"@id\":\"https:\/\/shadak.it\/fr\/itineraires\/\",\"url\":\"https:\/\/shadak.it\/fr\/itineraires\/\",\"name\":\"itin\\u00e9raires\"}}]}]}<\/script>\n<!-- \/ Yoast SEO plugin. -->","_links":{"self":[{"href":"https:\/\/shadak.it\/fr\/wp-json\/wp\/v2\/pages\/645"}],"collection":[{"href":"https:\/\/shadak.it\/fr\/wp-json\/wp\/v2\/pages"}],"about":[{"href":"https:\/\/shadak.it\/fr\/wp-json\/wp\/v2\/types\/page"}],"author":[{"embeddable":true,"href":"https:\/\/shadak.it\/fr\/wp-json\/wp\/v2\/users\/1"}],"replies":[{"embeddable":true,"href":"https:\/\/shadak.it\/fr\/wp-json\/wp\/v2\/comments?post=645"}],"version-history":[{"count":3,"href":"https:\/\/shadak.it\/fr\/wp-json\/wp\/v2\/pages\/645\/revisions"}],"predecessor-version":[{"id":754,"href":"https:\/\/shadak.it\/fr\/wp-json\/wp\/v2\/pages\/645\/revisions\/754"}],"wp:attachment":[{"href":"https:\/\/shadak.it\/fr\/wp-json\/wp\/v2\/media?parent=645"}],"curies":[{"name":"wp","href":"https:\/\/api.w.org\/{rel}","templated":true}]}}