{"id":624,"date":"2021-03-10T15:44:07","date_gmt":"2021-03-10T15:44:07","guid":{"rendered":"http:\/\/shadak.it\/info\/"},"modified":"2022-03-30T06:37:13","modified_gmt":"2022-03-30T06:37:13","slug":"info","status":"publish","type":"page","link":"https:\/\/shadak.it\/fr\/info\/","title":{"rendered":"Info"},"content":{"rendered":"<section class=\"l-section wpb_row height_medium with_img\"><div class=\"l-section-img\" style=\"background-image: url(https:\/\/shadak.it\/wp-content\/uploads\/2020\/12\/Shadak-camping-village-park-porto-cesareo-02.jpg);background-position: bottom center;background-repeat: no-repeat;\" data-img-width=\"1700\" data-img-height=\"1132\"><\/div><div class=\"l-section-h i-cf\"><div class=\"g-cols vc_row type_default valign_top\"><div class=\"vc_col-sm-12 wpb_column vc_column_container\"><div class=\"vc_column-inner\"><div class=\"wpb_wrapper\"><div class=\"ult-spacer spacer-69dd26578ee29\" data-id=\"69dd26578ee29\" data-height=\"300\" data-height-mobile=\"300\" data-height-tab=\"300\" data-height-tab-portrait=\"\" data-height-mobile-landscape=\"\" style=\"clear:both;display:block;\"><\/div><\/div><\/div><\/div><\/div><\/div><\/section><section class=\"l-section wpb_row height_small\"><div class=\"l-section-h i-cf\"><div class=\"g-cols vc_row type_default valign_middle\"><div class=\"vc_col-sm-12 wpb_column vc_column_container\"><div class=\"vc_column-inner\"><div class=\"wpb_wrapper\"><div class=\"wpb_text_column us_custom_1a312e0a has_text_color\" ><div class=\"wpb_wrapper\"><h1 style=\"text-align: center;\"><strong>Info<br \/>\n<\/strong><\/h1>\n<h3 style=\"text-align: center;\"><strong>Shadak, Camping Village dans le Salento<\/strong><\/h3>\n<\/div><\/div><\/div><\/div><\/div><\/div><\/div><\/section><section class=\"l-section wpb_row us_custom_82db5690 height_small has_text_color\" id=\"o\u00f9-nous-trouver\"><div class=\"l-section-h i-cf\"><div class=\"g-cols vc_row type_default valign_middle\"><div class=\"vc_col-sm-12 wpb_column vc_column_container\"><div class=\"vc_column-inner\"><div class=\"wpb_wrapper\"><div class=\"wpb_text_column us_custom_61a8d43a has_text_color\" ><div class=\"wpb_wrapper\"><h2 style=\"text-align: left;\">O\u00f9 nous trouver<\/h2>\n<\/div><\/div><div class=\"wpb_text_column\" ><div class=\"wpb_wrapper\"><p>Le B&amp;B Shadak est situ\u00e9 \u00e0 38 km de l&rsquo;a\u00e9roport de Brindisi et 35km de la gare de Lecce.<\/p>\n<\/div><\/div><div class=\"w-map provider_osm us_map_1\" id=\"us_map_1\"><div class=\"w-map-json\" onclick='return {&quot;address&quot;:&quot;40.29731812862895, 17.81666842501721&quot;,&quot;markers&quot;:[{&quot;address&quot;:&quot;40.29731812862895, 17.81666842501721&quot;,&quot;html&quot;:&quot;&lt;h6&gt;Shadak&lt;\\\/h6&gt;&quot;,&quot;infowindow&quot;:false}],&quot;zoom&quot;:14,&quot;icon&quot;:{&quot;url&quot;:&quot;https:\\\/\\\/shadak.it\\\/wp-content\\\/uploads\\\/2020\\\/12\\\/Shadak-pin.png&quot;,&quot;size&quot;:[80,80]},&quot;height&quot;:400,&quot;style&quot;:&quot;https:\\\/\\\/{s}.tile.openstreetmap.org\\\/{z}\\\/{x}\\\/{y}.png&quot;,&quot;disableZoom&quot;:true,&quot;disableDragging&quot;:true}'><\/div><\/div><div class=\"w-separator size_medium\"><\/div><div class=\"g-cols wpb_row  us_custom_bb8eb157 type_default valign_top vc_inner\"><div class=\"vc_col-sm-4 wpb_column vc_column_container\"><div class=\"vc_column-inner\"><div class=\"wpb_wrapper\"><div class=\"w-iconbox iconpos_left style_default color_secondary align_left\"><div class=\"w-iconbox-icon\" style=\"font-size:30px;\"><i class=\"fas fa-map-marker-alt\"><\/i><\/div><div class=\"w-iconbox-meta\"><h4 class=\"w-iconbox-title\">Entr\u00e9e est<\/h4><div class=\"w-iconbox-text\"><p>Via Irlanda, 7<br \/>\n73010 Porto Cesareo (LE)<br \/>\nZone: Torre Castiglione<\/p>\n<\/div><\/div><\/div><\/div><\/div><\/div><div class=\"vc_col-sm-4 wpb_column vc_column_container\"><div class=\"vc_column-inner\"><div class=\"wpb_wrapper\"><div class=\"w-iconbox iconpos_left style_default color_secondary align_left\"><div class=\"w-iconbox-icon\" style=\"font-size:30px;\"><i class=\"fas fa-map-marker-alt\"><\/i><\/div><div class=\"w-iconbox-meta\"><h4 class=\"w-iconbox-title\">Entr\u00e9e ovest<\/h4><div class=\"w-iconbox-text\"><p>Strada provinciale 217<br \/>\n73010 Porto Cesareo (LE)<br \/>\nZone: Chiusurelle<\/p>\n<\/div><\/div><\/div><\/div><\/div><\/div><div class=\"vc_col-sm-4 wpb_column vc_column_container\"><div class=\"vc_column-inner\"><div class=\"wpb_wrapper\"><\/div><\/div><\/div><\/div><\/div><\/div><\/div><\/div><\/div><\/section><section class=\"l-section wpb_row height_small\" id=\"tarif\"><div class=\"l-section-h i-cf\"><div class=\"g-cols vc_row type_default valign_middle\"><div class=\"vc_col-sm-12 wpb_column vc_column_container\"><div class=\"vc_column-inner\"><div class=\"wpb_wrapper\"><div class=\"wpb_text_column\" ><div class=\"wpb_wrapper\"><h2 style=\"text-align: left;\">Tarif<\/h2>\n<\/div><\/div><div class=\"w-btn-wrapper width_auto align_left\"><a class=\"w-btn us-btn-style_1 icon_atleft\" target=\"_blank\" href=\"\/wp-content\/uploads\/2022\/01\/LISTINO-2022-1.pdf\" rel=\"noopener\"><i class=\"fas fa-money-bill\"><\/i><span class=\"w-btn-label\">Voir la liste de prix<\/span><\/a><\/div><\/div><\/div><\/div><\/div><\/div><\/section><section class=\"l-section wpb_row us_custom_f25852ed height_small has_text_color\" id=\"\u00c0-propos-de-nous\"><div class=\"l-section-h i-cf\"><div class=\"g-cols vc_row type_default valign_middle\"><div class=\"vc_col-sm-12 wpb_column vc_column_container\"><div class=\"vc_column-inner\"><div class=\"wpb_wrapper\"><div class=\"wpb_text_column us_custom_61a8d43a has_text_color\" ><div class=\"wpb_wrapper\"><h2 style=\"text-align: left;\">\u00c0 propos de nous<\/h2>\n<\/div><\/div><div class=\"wpb_text_column\" ><div class=\"wpb_wrapper\"><p><em> Paix, tranquillit\u00e9 et excellente cuisine <\/em><\/p>\n<\/div><\/div><div class=\"w-separator size_medium\"><\/div><div class=\"g-cols wpb_row  type_default valign_top vc_inner\"><div class=\"vc_col-sm-4 wpb_column vc_column_container\"><div class=\"vc_column-inner\"><div class=\"wpb_wrapper\"><div class=\"w-iconbox iconpos_left style_default color_secondary align_left\"><div class=\"w-iconbox-icon\" style=\"font-size:30px;\"><i class=\"fab fa-tripadvisor\"><\/i><\/div><div class=\"w-iconbox-meta\"><h4 class=\"w-iconbox-title\">les critiques de Tripadvisor<\/h4><div class=\"w-iconbox-text\"><p>Le centre de vacances \u00e0 travers ce que disent nos clients. D\u00e9couvrez le Camping Village Park en lisant les avis laiss\u00e9s sur TripAdvisor<\/p>\n<\/div><\/div><\/div><div class=\"w-separator size_small\"><\/div><div class=\"w-btn-wrapper width_auto align_center\"><a class=\"w-btn us-btn-style_1 icon_atleft\" target=\"_blank\" href=\"https:\/\/www.tripadvisor.it\/Hotel_Review-g1069599-d1817993-Reviews-B_B_Shadak-Porto_Cesareo_Province_of_Lecce_Puglia.html\" rel=\"noopener\"><i class=\"fab fa-tripadvisor\"><\/i><span class=\"w-btn-label\">lire nos avis<\/span><\/a><\/div><\/div><\/div><\/div><div class=\"vc_col-sm-4 wpb_column vc_column_container\"><div class=\"vc_column-inner\"><div class=\"wpb_wrapper\"><div class=\"w-iconbox iconpos_left style_default color_secondary align_left\"><div class=\"w-iconbox-icon\" style=\"font-size:30px;\"><i class=\"fab fa-facebook\"><\/i><\/div><div class=\"w-iconbox-meta\"><h4 class=\"w-iconbox-title\">Suivez nous dans Facebook<\/h4><div class=\"w-iconbox-text\"><p>Pour rester inform\u00e9 de l&rsquo;actualit\u00e9 du Camping Village Park, suivez-nous sur facebook et rejoignez les fans.<\/p>\n<\/div><\/div><\/div><div class=\"w-separator size_small\"><\/div><div class=\"w-btn-wrapper width_auto align_center\"><a class=\"w-btn us-btn-style_1 icon_atleft\" target=\"_blank\" href=\"https:\/\/www.facebook.com\/Shadak.Village.Camping.Park\/\" rel=\"noopener\"><i class=\"fab fa-facebook\"><\/i><span class=\"w-btn-label\">Suivez notre page<\/span><\/a><\/div><\/div><\/div><\/div><div class=\"vc_col-sm-4 wpb_column vc_column_container\"><div class=\"vc_column-inner\"><div class=\"wpb_wrapper\"><div class=\"ult-spacer spacer-69dd2657911a2\" data-id=\"69dd2657911a2\" data-height=\"50\" data-height-mobile=\"50\" data-height-tab=\"50\" data-height-tab-portrait=\"\" data-height-mobile-landscape=\"\" style=\"clear:both;display:block;\"><\/div><div class=\"wpb_text_column us_custom_e1ac95b1 has_text_color\" ><div class=\"wpb_wrapper\"><blockquote>\n<h4><em> Paradis dans le Salento, \u00e0 quelques m\u00e8tres d&rsquo;une mer tout aussi spectaculaire <\/em><\/h4>\n<\/blockquote>\n<\/div><\/div><\/div><\/div><\/div><\/div><\/div><\/div><\/div><\/div><\/div><\/section><section class=\"l-section wpb_row height_small\" id=\"shadak\"><div class=\"l-section-h i-cf\"><div class=\"g-cols vc_row type_default valign_middle\"><div class=\"vc_col-sm-12 wpb_column vc_column_container\"><div class=\"vc_column-inner\"><div class=\"wpb_wrapper\"><div class=\"wpb_text_column\" ><div class=\"wpb_wrapper\"><h2 style=\"text-align: left;\">Shadak princesse guerri\u00e8re<\/h2>\n<\/div><\/div><div class=\"wpb_text_column\" ><div class=\"wpb_wrapper\"><p><em>Histoire<\/em><\/p>\n<\/div><\/div><div class=\"g-cols wpb_row  type_default valign_top vc_inner\"><div class=\"vc_col-sm-8 wpb_column vc_column_container\"><div class=\"vc_column-inner\"><div class=\"wpb_wrapper\"><div class=\"wpb_text_column\" ><div class=\"wpb_wrapper\"><h5><strong>L\u00e8gende<\/strong><\/h5>\n<p>Princesse guerri\u00e8re femme du prince Artas. La princesse, comme la l\u00e9gende raconte, a particip\u00e9 \u00e0 la bataille de Siracusa o\u00f9 a \u00e9t\u00e9 tu\u00e9e (413 a.c.). Elle \u00e9tait dou\u00e9e d\u2019un fort t\u00e9mperament guerri\u00e8re et a accompagn\u00e9 son mari en tous les combats. Durant la guerre du Peloponneso, le prince Artas a aid\u00e9 les Ath\u00e9niens contre Siracusa. La belle et courageuse Shadak dans une lutte s\u2019est ru\u00e9 contre l\u2019ennemi,qui avait encercl\u00e9 son homme, et a \u00e9t\u00e9 tu\u00e9. La c\u00e9r\u00e9monie fun\u00e8bre a dur\u00e9e trois jours avec chants, banquets et danses pour l\u2019au-del\u00e0. Une simple tombe creus\u00e9 dans la blanche roche a \u00e9t\u00e9 pr\u00e9par\u00e9e, avec sa tete vers l\u2019ouest,c\u2019est-\u00e0-dire vers la mer qui elle a tellement aim\u00e9. \u00c0 l\u2019int\u00e9rieur \u00e9taient d\u00e9pos\u00e9 diff\u00e9rents pots avec produits pour le maquillage et pour la nourriture. On raconte que en \u00e9t\u00e9 durant les nuits de pleine lune,la princesse Shadak apparait aux marins sous la surface bleu-argent\u00e9e des profondes eaux de la Mer Ionienne.<\/p>\n<\/div><\/div><div class=\"w-separator size_medium\"><\/div><\/div><\/div><\/div><div class=\"vc_col-sm-4 wpb_column vc_column_container\"><div class=\"vc_column-inner\"><div class=\"wpb_wrapper\"><div class=\"w-image align_center animate_afb\" style=\"animation-delay:0.2s\"><div class=\"w-image-h\"><img width=\"388\" height=\"550\" src=\"https:\/\/shadak.it\/wp-content\/uploads\/2021\/01\/leggenda-shadak-camping-village.jpg\" class=\"attachment-large size-large\" alt=\"\" loading=\"lazy\" srcset=\"https:\/\/shadak.it\/wp-content\/uploads\/2021\/01\/leggenda-shadak-camping-village.jpg 212w, https:\/\/shadak.it\/wp-content\/uploads\/2021\/01\/leggenda-shadak-camping-village.jpg 388w\" sizes=\"(max-width: 388px) 100vw, 388px\" \/><\/div><\/div><\/div><\/div><\/div><\/div><\/div><\/div><\/div><\/div><\/div><\/section>\n","protected":false},"excerpt":{"rendered":"Info Shadak, Camping Village dans le Salento O\u00f9 nous trouver Le B&amp;B Shadak est situ\u00e9 \u00e0 38 km de l&rsquo;a\u00e9roport de Brindisi et 35km de la gare de Lecce. Entr\u00e9e estVia Irlanda, 7 73010 Porto Cesareo (LE) Zone: Torre Castiglione Entr\u00e9e ovestStrada provinciale 217 73010 Porto Cesareo (LE) Zone: Chiusurelle Tarif Voir la liste de...","protected":false},"author":1,"featured_media":0,"parent":0,"menu_order":0,"comment_status":"closed","ping_status":"closed","template":"","meta":[],"yoast_head":"<!-- This site is optimized with the Yoast SEO plugin v15.9.1 - https:\/\/yoast.com\/wordpress\/plugins\/seo\/ -->\n<title>Info - Shadak - Village Camping Park a Porto Cesareo, Salento<\/title>\n<meta name=\"description\" content=\"Le Village Camping Park Shadak est situ\u00e9 \u00e0 Porto Cesareo, dans la r\u00e9gion de Castiglione. Il est situ\u00e9 \u00e0 environ 30 km de l&#039;a\u00e9roport de Brindisi et de la gare de Lecce.\" \/>\n<meta name=\"robots\" content=\"index, follow, max-snippet:-1, max-image-preview:large, max-video-preview:-1\" \/>\n<link rel=\"canonical\" href=\"https:\/\/shadak.it\/fr\/info\/\" \/>\n<meta property=\"og:locale\" content=\"fr_FR\" \/>\n<meta property=\"og:type\" content=\"article\" \/>\n<meta property=\"og:title\" content=\"Info - Shadak - Village Camping Park a Porto Cesareo, Salento\" \/>\n<meta property=\"og:description\" content=\"Le Village Camping Park Shadak est situ\u00e9 \u00e0 Porto Cesareo, dans la r\u00e9gion de Castiglione. Il est situ\u00e9 \u00e0 environ 30 km de l&#039;a\u00e9roport de Brindisi et de la gare de Lecce.\" \/>\n<meta property=\"og:url\" content=\"https:\/\/shadak.it\/fr\/info\/\" \/>\n<meta property=\"og:site_name\" content=\"Shadak - Village Camping Park\" \/>\n<meta property=\"article:publisher\" content=\"https:\/\/www.facebook.com\/Shadak.Village.Camping.Park\/\" \/>\n<meta property=\"article:modified_time\" content=\"2022-03-30T06:37:13+00:00\" \/>\n<meta name=\"twitter:card\" content=\"summary_large_image\" \/>\n<meta name=\"twitter:label1\" content=\"Dur\u00e9e de lecture est.\">\n\t<meta name=\"twitter:data1\" content=\"2 minutes\">\n<script type=\"application\/ld+json\" class=\"yoast-schema-graph\">{\"@context\":\"https:\/\/schema.org\",\"@graph\":[{\"@type\":\"Organization\",\"@id\":\"https:\/\/shadak.it\/#organization\",\"name\":\"Shadak, Village Camping Park\",\"url\":\"https:\/\/shadak.it\/\",\"sameAs\":[\"https:\/\/www.facebook.com\/Shadak.Village.Camping.Park\/\",\"https:\/\/www.instagram.com\/shadakvillage\/\",\"https:\/\/www.youtube.com\/channel\/UC9LG8CniEkh23U-7CiqNtJg\/feed\"],\"logo\":{\"@type\":\"ImageObject\",\"@id\":\"https:\/\/shadak.it\/#logo\",\"inLanguage\":\"fr-FR\",\"url\":\"https:\/\/shadak.it\/wp-content\/uploads\/2020\/11\/Shadak-camping-village-park-porto-cesareo-01.png\",\"width\":579,\"height\":421,\"caption\":\"Shadak, Village Camping Park\"},\"image\":{\"@id\":\"https:\/\/shadak.it\/#logo\"}},{\"@type\":\"WebSite\",\"@id\":\"https:\/\/shadak.it\/#website\",\"url\":\"https:\/\/shadak.it\/\",\"name\":\"Shadak - Village Camping Park\",\"description\":\"Village, Camping, Park, Bed &amp; Breakfast Porto Cesareo, Salento\",\"publisher\":{\"@id\":\"https:\/\/shadak.it\/#organization\"},\"potentialAction\":[{\"@type\":\"SearchAction\",\"target\":\"https:\/\/shadak.it\/?s={search_term_string}\",\"query-input\":\"required name=search_term_string\"}],\"inLanguage\":\"fr-FR\"},{\"@type\":\"WebPage\",\"@id\":\"https:\/\/shadak.it\/fr\/info\/#webpage\",\"url\":\"https:\/\/shadak.it\/fr\/info\/\",\"name\":\"Info - Shadak - Village Camping Park a Porto Cesareo, Salento\",\"isPartOf\":{\"@id\":\"https:\/\/shadak.it\/#website\"},\"datePublished\":\"2021-03-10T15:44:07+00:00\",\"dateModified\":\"2022-03-30T06:37:13+00:00\",\"description\":\"Le Village Camping Park Shadak est situ\\u00e9 \\u00e0 Porto Cesareo, dans la r\\u00e9gion de Castiglione. Il est situ\\u00e9 \\u00e0 environ 30 km de l'a\\u00e9roport de Brindisi et de la gare de Lecce.\",\"breadcrumb\":{\"@id\":\"https:\/\/shadak.it\/fr\/info\/#breadcrumb\"},\"inLanguage\":\"fr-FR\",\"potentialAction\":[{\"@type\":\"ReadAction\",\"target\":[\"https:\/\/shadak.it\/fr\/info\/\"]}]},{\"@type\":\"BreadcrumbList\",\"@id\":\"https:\/\/shadak.it\/fr\/info\/#breadcrumb\",\"itemListElement\":[{\"@type\":\"ListItem\",\"position\":1,\"item\":{\"@type\":\"WebPage\",\"@id\":\"https:\/\/shadak.it\/fr\/\",\"url\":\"https:\/\/shadak.it\/fr\/\",\"name\":\"Home\"}},{\"@type\":\"ListItem\",\"position\":2,\"item\":{\"@type\":\"WebPage\",\"@id\":\"https:\/\/shadak.it\/fr\/info\/\",\"url\":\"https:\/\/shadak.it\/fr\/info\/\",\"name\":\"Info\"}}]}]}<\/script>\n<!-- \/ Yoast SEO plugin. -->","_links":{"self":[{"href":"https:\/\/shadak.it\/fr\/wp-json\/wp\/v2\/pages\/624"}],"collection":[{"href":"https:\/\/shadak.it\/fr\/wp-json\/wp\/v2\/pages"}],"about":[{"href":"https:\/\/shadak.it\/fr\/wp-json\/wp\/v2\/types\/page"}],"author":[{"embeddable":true,"href":"https:\/\/shadak.it\/fr\/wp-json\/wp\/v2\/users\/1"}],"replies":[{"embeddable":true,"href":"https:\/\/shadak.it\/fr\/wp-json\/wp\/v2\/comments?post=624"}],"version-history":[{"count":8,"href":"https:\/\/shadak.it\/fr\/wp-json\/wp\/v2\/pages\/624\/revisions"}],"predecessor-version":[{"id":852,"href":"https:\/\/shadak.it\/fr\/wp-json\/wp\/v2\/pages\/624\/revisions\/852"}],"wp:attachment":[{"href":"https:\/\/shadak.it\/fr\/wp-json\/wp\/v2\/media?parent=624"}],"curies":[{"name":"wp","href":"https:\/\/api.w.org\/{rel}","templated":true}]}}