{"id":593,"date":"2021-03-10T13:50:22","date_gmt":"2021-03-10T13:50:22","guid":{"rendered":"http:\/\/shadak.it\/blog\/"},"modified":"2021-03-10T13:50:22","modified_gmt":"2021-03-10T13:50:22","slug":"blog","status":"publish","type":"page","link":"https:\/\/shadak.it\/fr\/blog\/","title":{"rendered":"Blog"},"content":{"rendered":"<section class=\"l-section wpb_row height_medium with_img\"><div class=\"l-section-img\" style=\"background-image: url(https:\/\/shadak.it\/wp-content\/uploads\/2021\/01\/Shadak-camping-village-park-porto-cesareo-08.jpg);\" data-img-width=\"1900\" data-img-height=\"831\"><\/div><div class=\"l-section-h i-cf\"><div class=\"g-cols vc_row type_default valign_top\"><div class=\"vc_col-sm-12 wpb_column vc_column_container\"><div class=\"vc_column-inner\"><div class=\"wpb_wrapper\"><div class=\"ult-spacer spacer-69dd0d472792b\" data-id=\"69dd0d472792b\" data-height=\"300\" data-height-mobile=\"300\" data-height-tab=\"300\" data-height-tab-portrait=\"\" data-height-mobile-landscape=\"\" style=\"clear:both;display:block;\"><\/div><\/div><\/div><\/div><\/div><\/div><\/section><section class=\"l-section wpb_row height_small\"><div class=\"l-section-h i-cf\"><div class=\"g-cols vc_row type_default valign_top\"><div class=\"vc_col-sm-12 wpb_column vc_column_container\"><div class=\"vc_column-inner\"><div class=\"wpb_wrapper\"><div class=\"wpb_text_column us_custom_1a312e0a has_text_color\" ><div class=\"wpb_wrapper\"><h1 style=\"text-align: center;\"><strong>Blog<br \/>\n<\/strong><\/h1>\n<h3 style=\"text-align: center;\">Restez au courant des actualit\u00e9s de Shadak,<br \/>\nvivre de merveilleuses vacances dans les Pouilles<strong><br \/>\n<\/strong><\/h3>\n<\/div><\/div><div class=\"w-separator size_medium\"><\/div><div class=\"wpb_text_column\" ><div class=\"wpb_wrapper\"><p style=\"text-align: center;\">Pour le moment, il n&rsquo;y a pas de nouvelles.<br \/>\nSuivez-nous, bonne nouvelle bient\u00f4t!<\/p>\n<\/div><\/div><\/div><\/div><\/div><\/div><\/div><\/section>\n","protected":false},"excerpt":{"rendered":"Blog Restez au courant des actualit\u00e9s de Shadak, vivre de merveilleuses vacances dans les Pouilles Pour le moment, il n&rsquo;y a pas de nouvelles. Suivez-nous, bonne nouvelle bient\u00f4t!","protected":false},"author":1,"featured_media":0,"parent":0,"menu_order":0,"comment_status":"closed","ping_status":"closed","template":"","meta":[],"yoast_head":"<!-- This site is optimized with the Yoast SEO plugin v15.9.1 - https:\/\/yoast.com\/wordpress\/plugins\/seo\/ -->\n<title>Blog - Shadak - Village Camping Park a Porto Cesareo, Salento<\/title>\n<meta name=\"description\" content=\"D\u00e9couvrez toute l&#039;actualit\u00e9 de Shadak, Village Camping Park et Bed &amp; Breakfast \u00e0 Porto Cesareo, Lecce, dans le Salento.\" \/>\n<meta name=\"robots\" content=\"index, follow, max-snippet:-1, max-image-preview:large, max-video-preview:-1\" \/>\n<link rel=\"canonical\" href=\"https:\/\/shadak.it\/fr\/blog\/\" \/>\n<meta property=\"og:locale\" content=\"fr_FR\" \/>\n<meta property=\"og:type\" content=\"article\" \/>\n<meta property=\"og:title\" content=\"Blog - Shadak - Village Camping Park a Porto Cesareo, Salento\" \/>\n<meta property=\"og:description\" content=\"D\u00e9couvrez toute l&#039;actualit\u00e9 de Shadak, Village Camping Park et Bed &amp; Breakfast \u00e0 Porto Cesareo, Lecce, dans le Salento.\" \/>\n<meta property=\"og:url\" content=\"https:\/\/shadak.it\/fr\/blog\/\" \/>\n<meta property=\"og:site_name\" content=\"Shadak - Village Camping Park\" \/>\n<meta property=\"article:publisher\" content=\"https:\/\/www.facebook.com\/Shadak.Village.Camping.Park\/\" \/>\n<meta name=\"twitter:card\" content=\"summary_large_image\" \/>\n<meta name=\"twitter:label1\" content=\"Dur\u00e9e de lecture est.\">\n\t<meta name=\"twitter:data1\" content=\"1 minute\">\n<script type=\"application\/ld+json\" class=\"yoast-schema-graph\">{\"@context\":\"https:\/\/schema.org\",\"@graph\":[{\"@type\":\"Organization\",\"@id\":\"https:\/\/shadak.it\/#organization\",\"name\":\"Shadak, Village Camping Park\",\"url\":\"https:\/\/shadak.it\/\",\"sameAs\":[\"https:\/\/www.facebook.com\/Shadak.Village.Camping.Park\/\",\"https:\/\/www.instagram.com\/shadakvillage\/\",\"https:\/\/www.youtube.com\/channel\/UC9LG8CniEkh23U-7CiqNtJg\/feed\"],\"logo\":{\"@type\":\"ImageObject\",\"@id\":\"https:\/\/shadak.it\/#logo\",\"inLanguage\":\"fr-FR\",\"url\":\"https:\/\/shadak.it\/wp-content\/uploads\/2020\/11\/Shadak-camping-village-park-porto-cesareo-01.png\",\"width\":579,\"height\":421,\"caption\":\"Shadak, Village Camping Park\"},\"image\":{\"@id\":\"https:\/\/shadak.it\/#logo\"}},{\"@type\":\"WebSite\",\"@id\":\"https:\/\/shadak.it\/#website\",\"url\":\"https:\/\/shadak.it\/\",\"name\":\"Shadak - Village Camping Park\",\"description\":\"Village, Camping, Park, Bed &amp; Breakfast Porto Cesareo, Salento\",\"publisher\":{\"@id\":\"https:\/\/shadak.it\/#organization\"},\"potentialAction\":[{\"@type\":\"SearchAction\",\"target\":\"https:\/\/shadak.it\/?s={search_term_string}\",\"query-input\":\"required name=search_term_string\"}],\"inLanguage\":\"fr-FR\"},{\"@type\":\"WebPage\",\"@id\":\"https:\/\/shadak.it\/fr\/blog\/#webpage\",\"url\":\"https:\/\/shadak.it\/fr\/blog\/\",\"name\":\"Blog - Shadak - Village Camping Park a Porto Cesareo, Salento\",\"isPartOf\":{\"@id\":\"https:\/\/shadak.it\/#website\"},\"datePublished\":\"2021-03-10T13:50:22+00:00\",\"dateModified\":\"2021-03-10T13:50:22+00:00\",\"description\":\"D\\u00e9couvrez toute l'actualit\\u00e9 de Shadak, Village Camping Park et Bed & Breakfast \\u00e0 Porto Cesareo, Lecce, dans le Salento.\",\"breadcrumb\":{\"@id\":\"https:\/\/shadak.it\/fr\/blog\/#breadcrumb\"},\"inLanguage\":\"fr-FR\",\"potentialAction\":[{\"@type\":\"ReadAction\",\"target\":[\"https:\/\/shadak.it\/fr\/blog\/\"]}]},{\"@type\":\"BreadcrumbList\",\"@id\":\"https:\/\/shadak.it\/fr\/blog\/#breadcrumb\",\"itemListElement\":[{\"@type\":\"ListItem\",\"position\":1,\"item\":{\"@type\":\"WebPage\",\"@id\":\"https:\/\/shadak.it\/fr\/\",\"url\":\"https:\/\/shadak.it\/fr\/\",\"name\":\"Home\"}},{\"@type\":\"ListItem\",\"position\":2,\"item\":{\"@type\":\"WebPage\",\"@id\":\"https:\/\/shadak.it\/fr\/blog\/\",\"url\":\"https:\/\/shadak.it\/fr\/blog\/\",\"name\":\"Blog\"}}]}]}<\/script>\n<!-- \/ Yoast SEO plugin. -->","_links":{"self":[{"href":"https:\/\/shadak.it\/fr\/wp-json\/wp\/v2\/pages\/593"}],"collection":[{"href":"https:\/\/shadak.it\/fr\/wp-json\/wp\/v2\/pages"}],"about":[{"href":"https:\/\/shadak.it\/fr\/wp-json\/wp\/v2\/types\/page"}],"author":[{"embeddable":true,"href":"https:\/\/shadak.it\/fr\/wp-json\/wp\/v2\/users\/1"}],"replies":[{"embeddable":true,"href":"https:\/\/shadak.it\/fr\/wp-json\/wp\/v2\/comments?post=593"}],"version-history":[{"count":2,"href":"https:\/\/shadak.it\/fr\/wp-json\/wp\/v2\/pages\/593\/revisions"}],"predecessor-version":[{"id":595,"href":"https:\/\/shadak.it\/fr\/wp-json\/wp\/v2\/pages\/593\/revisions\/595"}],"wp:attachment":[{"href":"https:\/\/shadak.it\/fr\/wp-json\/wp\/v2\/media?parent=593"}],"curies":[{"name":"wp","href":"https:\/\/api.w.org\/{rel}","templated":true}]}}